{"id":157,"date":"2025-09-24T20:48:46","date_gmt":"2025-09-24T20:48:46","guid":{"rendered":"http:\/\/wordpress.nexxia.site\/?page_id=157"},"modified":"2026-01-07T01:58:57","modified_gmt":"2026-01-06T20:58:57","slug":"terms-and-conditions","status":"publish","type":"page","link":"https:\/\/nexxia.com\/en\/terms-and-conditions\/","title":{"rendered":"Terms &amp; Conditions"},"content":{"rendered":"<p>[et_pb_section fb_built=&#8221;1&#8243; custom_padding_last_edited=&#8221;on|phone&#8221; _builder_version=&#8221;4.27.4&#8243; _module_preset=&#8221;default&#8221; background_color=&#8221;#111111&#8243; custom_padding=&#8221;140px||140px||true|false&#8221; custom_padding_tablet=&#8221;140px||140px||true|false&#8221; custom_padding_phone=&#8221;60px||60px||true|false&#8221; global_colors_info=&#8221;{}&#8221;][et_pb_row column_structure=&#8221;1_2,1_2&#8243; _builder_version=&#8221;4.27.4&#8243; _module_preset=&#8221;default&#8221; global_colors_info=&#8221;{}&#8221;][et_pb_column type=&#8221;1_2&#8243; _builder_version=&#8221;4.27.4&#8243; _module_preset=&#8221;default&#8221; global_colors_info=&#8221;{}&#8221;][et_pb_text module_class=&#8221;text-white text-uppercase&#8221; _builder_version=&#8221;4.27.4&#8243; _module_preset=&#8221;default&#8221; global_colors_info=&#8221;{}&#8221;]<\/p>\n<h1>Terms &amp; <br \/>Conditions<\/h1>\n<p>[\/et_pb_text][\/et_pb_column][et_pb_column type=&#8221;1_2&#8243; _builder_version=&#8221;4.27.4&#8243; _module_preset=&#8221;default&#8221; global_colors_info=&#8221;{}&#8221;][et_pb_text module_class=&#8221;text-white text-18 esp-element&#8221; _builder_version=&#8221;4.27.4&#8243; _module_preset=&#8221;default&#8221; hover_enabled=&#8221;0&#8243; global_colors_info=&#8221;{}&#8221; sticky_enabled=&#8221;0&#8243;]<\/p>\n<p class=\"p1\">Estimado Cliente, bienvenido a la p\u00e1gina web de \u201c<b>Nexxia<\/b>\u201d desarrollada y operada por <b>Loyalink, Limited Liability Company<\/b>, en lo sucesivo (\u201cNexxia\u201d) mismo que tiene domicilio en 5900 Balcones Drive STE 100, Austin, Texas, 78731, EE. UU.<\/p>\n<p><b>1. Aceptaci\u00f3n<\/b><span class=\"s1\"><b> <\/b><\/span><b>de<\/b><span class=\"s1\"><b> <\/b><\/span><b>t\u00e9rminos<\/b><span class=\"s1\"><b> <\/b><\/span><b>y <\/b><span class=\"s1\"><b>Condiciones.<\/b><\/span><\/p>\n<p class=\"p5\">Al acceder y utilizar el sitio web [<a href=\"https:\/\/nexxia.com\/en\/\"><b>www.nexxia.com<\/b><\/a>] (en adelante, \u201cel Sitio\u201d), que ofrece servicios de consultor\u00eda empresarial, programas de lealtad, data y tecnolog\u00eda (en adelante, \u201clos Servicios\u201d), usted (en adelante, \u201cel Usuario\u201d) acepta y se<span class=\"s2\"> <\/span>compromete<span class=\"s2\"> <\/span>a<span class=\"s2\"> <\/span>cumplir<span class=\"s2\"> <\/span>los<span class=\"s2\"> <\/span>siguientes<span class=\"s2\"> <\/span>T\u00e9rminos<span class=\"s2\"> <\/span>y<span class=\"s2\"> <\/span>Condiciones<span class=\"s2\"> <\/span>de<span class=\"s2\"> <\/span>Uso.<span class=\"s2\"> <\/span>Si<span class=\"s2\"> <\/span>no<span class=\"s2\"> <\/span>est\u00e1 de acuerdo con estos t\u00e9rminos, le solicitamos no utilizar este Sitio.<\/p>\n<p><b>2. Descripci\u00f3n<\/b><span class=\"s1\"><b> <\/b><\/span><b>de<\/b><span class=\"s1\"><b> servicios.<\/b><\/span><\/p>\n<p class=\"p6\">Nexxia es una empresa que ofrece consultor\u00eda y asesor\u00eda estrat\u00e9gica a otras empresas en las siguientes \u00e1reas:<\/p>\n<ol class=\"ol1\">\n<ul class=\"ul1\">\n<li class=\"li3\"><span class=\"s3\"><\/span><b>Programas de Lealtad: <\/b>Dise\u00f1o, operaci\u00f3n, implementaci\u00f3n y optimizaci\u00f3n de programas para fomentar la fidelidad del cliente.<\/li>\n<li class=\"li7\"><span class=\"s3\"><\/span><span class=\"s1\"><b>Data:<\/b><\/span><b><span class=\"Apple-tab-span\"> <\/span><\/b><span class=\"s1\">Estrategias<\/span><span class=\"Apple-tab-span\"> <\/span><span class=\"s2\">de<\/span><span class=\"Apple-tab-span\"> <\/span><span class=\"s1\">monetizaci\u00f3n<\/span><span class=\"Apple-tab-span\"> <\/span><span class=\"s4\">y<\/span><span class=\"Apple-tab-span\"> <\/span><span class=\"s1\">gesti\u00f3n<\/span><span class=\"Apple-tab-span\"> <\/span><span class=\"s2\">de<\/span><span class=\"Apple-tab-span\"> <\/span><span class=\"s1\">espacios <\/span>publicitarios en entornos de comercios.<\/li>\n<li class=\"li8\"><span class=\"s3\"><\/span><b>Tecnolog\u00eda:<\/b><span class=\"s5\"><b> <\/b><\/span>Asesor\u00eda<span class=\"s5\"> <\/span>en<span class=\"s5\"> <\/span>el<span class=\"s5\"> <\/span>desarrollo,<span class=\"s5\"> <\/span>la<span class=\"s5\"> <\/span>selecci\u00f3n<span class=\"s5\"> <\/span>e<span class=\"s5\"> <\/span>implementaci\u00f3n<span class=\"s5\"> <\/span>de soluciones tecnol\u00f3gicas para empresas.<\/li>\n<\/ul>\n<\/ol>\n<p class=\"p1\">El Sitio proporciona informaci\u00f3n general sobre estos servicios, as\u00ed como la posibilidad de solicitar cotizaciones o contactar a nuestros consultores.<\/p>\n<p><b>3. Uso<\/b><span class=\"s1\"><b> <\/b><\/span><b>del<\/b><span class=\"s1\"><b> sitio.<\/b><\/span><\/p>\n<p class=\"p2\"><b><\/b><\/p>\n<p class=\"p10\">El Usuario se compromete a utilizar el Sitio de manera responsable y legal. El Usuario no debe:<\/p>\n<ol class=\"ol1\">\n<ul class=\"ul1\">\n<li class=\"li8\"><span class=\"s3\"><\/span>Utilizar<span class=\"s1\"> <\/span>el<span class=\"s1\"> <\/span>Sitio con<span class=\"s1\"> <\/span>fines il\u00edcitos<span class=\"s1\"> <\/span>o <span class=\"s1\">fraudulentos.<\/span><\/li>\n<li class=\"li11\"><span class=\"s3\"><\/span>Interferir<span class=\"s1\"> <\/span>o<span class=\"s1\"> <\/span>interrumpir<span class=\"s1\"> <\/span>el funcionamiento<span class=\"s1\"> <\/span>del<span class=\"s1\"> <\/span>Sitio o<span class=\"s1\"> <\/span>de<span class=\"s1\"> <\/span>los <span class=\"s1\">servidores.<\/span><\/li>\n<li class=\"li12\"><span class=\"s3\"><\/span>Introducir<span class=\"s6\"> <\/span>virus,<span class=\"s1\"> <\/span>troyanos<span class=\"s1\"> <\/span>o<span class=\"s1\"> <\/span>cualquier<span class=\"s1\"> <\/span>otro<span class=\"s1\"> <\/span>c\u00f3digo<span class=\"s1\"> malicioso.<\/span><\/li>\n<li class=\"li9\"><span class=\"s3\"><\/span>Intentar acceder sin autorizaci\u00f3n a cualquier parte del Sitio o a cuentas de otros usuarios.<\/li>\n<li class=\"li3\"><span class=\"s3\"><\/span>Copiar,<span class=\"s7\"> <\/span>reproducir,<span class=\"s7\"> <\/span>distribuir<span class=\"s7\"> <\/span>o<span class=\"s7\"> <\/span>modificar<span class=\"s7\"> <\/span>el<span class=\"s7\"> <\/span>contenido<span class=\"s7\"> <\/span>del<span class=\"s7\"> <\/span>Sitio<span class=\"s7\"> <\/span>sin<span class=\"s7\"> <\/span>la autorizaci\u00f3n expresa de Nexxia.<\/li>\n<\/ul>\n<\/ol>\n<p><b>4. Propiedad<\/b><span class=\"s1\"><b> Intelectual.<\/b><\/span><\/p>\n<p class=\"p13\"><b><\/b>Todo<span class=\"s8\"> <\/span>el<span class=\"s8\"> <\/span>contenido<span class=\"s8\"> <\/span>del<span class=\"s8\"> <\/span>Sitio,<span class=\"s8\"> <\/span>incluyendo<span class=\"s8\"> <\/span>textos,<span class=\"s8\"> <\/span>gr\u00e1ficos,<span class=\"s8\"> <\/span>logotipos,<span class=\"s8\"> <\/span>iconos,<span class=\"s8\"> <\/span>im\u00e1genes, clips de audio y video, y software, es propiedad de Nexxia o de sus licenciantes, y est\u00e1 protegido por las leyes de propiedad intelectual. La marca, el logotipo y el nombre comercial de la empresa est\u00e1n registrados y no pueden ser utilizados sin <span class=\"s1\">permiso.<\/span><\/p>\n<p><b>5. Confidencialidad<\/b><span class=\"s1\"><b> <\/b><\/span><b>y<\/b><span class=\"s1\"><b> Privacidad.<\/b><\/span><b><\/b><\/p>\n<p class=\"p6\">El uso del Sitio y los Servicios puede requerir la recopilaci\u00f3n de datos personales. La<span class=\"s9\"> <\/span>gesti\u00f3n<span class=\"s9\"> <\/span>de<span class=\"s9\"> <\/span>esta<span class=\"s9\"> <\/span>informaci\u00f3n<span class=\"s9\"> <\/span>se<span class=\"s9\"> <\/span>rige<span class=\"s9\"> <\/span>por<span class=\"s9\"> <\/span>nuestra<span class=\"s9\"> <\/span><b>Aviso<\/b><span class=\"s9\"><b> <\/b><\/span><b>de<\/b><span class=\"s9\"><b> <\/b><\/span><b>Privacidad<\/b>,<span class=\"s9\"> <\/span>que<span class=\"s9\"> <\/span>forma parte de estos T\u00e9rminos y Condiciones. Al utilizar el Sitio, usted acepta el tratamiento de sus datos de acuerdo con dicha pol\u00edtica.<\/p>\n<p><b>6. Limitaci\u00f3n<\/b><span class=\"s1\"><b> <\/b><\/span><b>de <\/b><span class=\"s1\"><b>Responsabilidad<\/b><\/span><\/p>\n<p class=\"p2\"><b><\/b><\/p>\n<ol class=\"ol1\">\n<ul class=\"ul1\">\n<li class=\"li14\"><span class=\"s3\"><\/span><b>Sin Garant\u00edas: <\/b>El Sitio y los Servicios se proporcionan seg\u00fan la disponibilidad de nuestros expertos, sin garant\u00edas de ning\u00fan tipo. No garantizamos que el Sitio est\u00e9 libre de errores, virus o que su acceso sea <span class=\"s1\">ininterrumpido.<\/span><\/li>\n<li class=\"li14\"><span class=\"s3\"><\/span><b>Asesoramiento Profesional: <\/b>La informaci\u00f3n proporcionada en el Sitio es \u00fanicamente para fines informativos y no constituye asesoramiento profesional. Las decisiones de negocio basadas en esta informaci\u00f3n son responsabilidad exclusiva del Usuario.<\/li>\n<li class=\"li15\"><span class=\"s3\"><\/span><b>L\u00edmite<\/b><span class=\"s8\"><b> <\/b><\/span><b>de<\/b><span class=\"s8\"><b> <\/b><\/span><b>Da\u00f1os:<\/b><span class=\"s8\"><b> <\/b><\/span>Nexxia<span class=\"s8\"> <\/span>no<span class=\"s8\"> <\/span>ser\u00e1<span class=\"s8\"> <\/span>responsable<span class=\"s8\"> <\/span>por<span class=\"s8\"> <\/span>da\u00f1os<span class=\"s8\"> <\/span>directos,<span class=\"s8\"> <\/span>indirectos, incidentales, especiales o consecuentes que resulten del uso o la imposibilidad de uso del Sitio o de los Servicios.<\/li>\n<\/ul>\n<\/ol>\n<p><b><\/b><\/p>\n<p><b>7. Enlaces a <\/b><span class=\"s1\"><b>Terceros<\/b><\/span><b><\/b><\/p>\n<p class=\"p1\">El Sitio puede contener enlaces a sitios web de terceros. Estos enlaces se <span class=\"s1\">proporcionan<\/span><span class=\"s2\"> <\/span><span class=\"s1\">para<\/span><span class=\"s2\"> <\/span><span class=\"s1\">la<\/span><span class=\"s2\"> <\/span><span class=\"s1\">conveniencia<\/span><span class=\"s2\"> <\/span><span class=\"s1\">del<\/span><span class=\"s2\"> <\/span><span class=\"s1\">Usuario.<\/span><span class=\"s2\"> <\/span><span class=\"s1\">Nexxia<\/span><span class=\"s2\"> <\/span><span class=\"s1\">no<\/span><span class=\"s2\"> <\/span><span class=\"s1\">controla<\/span><span class=\"s2\"> <\/span><span class=\"s1\">ni<\/span><span class=\"s2\"> <\/span><span class=\"s1\">es<\/span><span class=\"s2\"> <\/span><span class=\"s1\">responsable <\/span>del contenido, las pol\u00edticas de privacidad o las pr\u00e1cticas de estos sitios externos.<\/p>\n<p><b>8. Modificaciones de los <\/b><span class=\"s1\"><b>T\u00e9rminos<\/b><\/span><b><\/b><\/p>\n<p class=\"p5\">Nos<span class=\"s8\"> <\/span>reservamos<span class=\"s8\"> <\/span>el<span class=\"s8\"> <\/span>derecho<span class=\"s8\"> <\/span>de<span class=\"s8\"> <\/span>modificar<span class=\"s8\"> <\/span>estos<span class=\"s8\"> <\/span>T\u00e9rminos<span class=\"s8\"> <\/span>y<span class=\"s8\"> <\/span>Condiciones<span class=\"s8\"> <\/span>en<span class=\"s8\"> <\/span>cualquier momento, publicando la versi\u00f3n actualizada en el Sitio. La fecha de la \u00faltima actualizaci\u00f3n<span class=\"s1\"> <\/span>se<span class=\"s1\"> <\/span>indicar\u00e1<span class=\"s1\"> <\/span>en<span class=\"s1\"> <\/span>la<span class=\"s1\"> <\/span>parte<span class=\"s1\"> <\/span>superior<span class=\"s1\"> <\/span>del<span class=\"s1\"> <\/span>documento.<span class=\"s1\"> <\/span>El<span class=\"s1\"> <\/span>uso<span class=\"s1\"> <\/span>continuado<span class=\"s1\"> <\/span>del Sitio despu\u00e9s de dichas modificaciones constituye su aceptaci\u00f3n de los nuevos <span class=\"s1\">t\u00e9rminos.<\/span><\/p>\n<p class=\"p16\"><b><span class=\"Apple-tab-span\"> <\/span>9.<span class=\"Apple-tab-span\"> <\/span>Legislaci\u00f3n Aplicable y <\/b><span class=\"s1\"><b>Jurisdicci\u00f3n<\/b><\/span><b><\/b><\/p>\n<p class=\"p5\">Estos T\u00e9rminos y Condiciones se rigen e interpretan de acuerdo con las leyes de los Estados Unidos de Am\u00e9rica. Cualquier disputa que surja del uso del Sitio o de estos T\u00e9rminos ser\u00e1 resuelta en los tribunales competentes de Austin, Texas.<\/p>\n<p>[\/et_pb_text][et_pb_text module_class=&#8221;text-white text-18 eng-element&#8221; _builder_version=&#8221;4.27.4&#8243; _module_preset=&#8221;default&#8221; hover_enabled=&#8221;0&#8243; global_colors_info=&#8221;{}&#8221; sticky_enabled=&#8221;0&#8243;]<\/p>\n<p><span style=\"font-weight: 400;\">Dear Customer, welcome to the Nexxia website developed and operated by Loyalink,\u00a0 Limited Liability Company, hereinafter referred to as Nexxia, located at 5900 Balcones\u00a0 Drive STE 100, Austin, Texas, 78731, USA. <\/span><\/p>\n<p><strong>1. Acceptance of Terms and Conditions.\u00a0<\/strong><\/p>\n<p><span style=\"font-weight: 400;\">By accessing and using the website [www.nexxia.com] (hereinafter, \u201cthe Site\u201d), which\u00a0 offers business consulting services, loyalty programs, data, and technology\u00a0 (hereinafter, \u201cthe Services\u201d), you (hereinafter, \u201cthe User\u201d) agree to and undertake to\u00a0 comply with the following Terms and Conditions of Use. If you do not agree to these\u00a0 terms, please do not use this Site. <\/span><\/p>\n<p><strong>2. Description of Services.\u00a0<\/strong><\/p>\n<p><span style=\"font-weight: 400;\">Nexxia is a company that offers consulting and strategic advice to other companies in\u00a0 the following areas:\u00a0<\/span><\/p>\n<p><span style=\"font-weight: 400;\">Loyalty Programs: Design, operation, implementation, and optimization of programs\u00a0 to promote customer loyalty.\u00a0<\/span><\/p>\n<p><span style=\"font-weight: 400;\">Data: Monetization strategies and management of advertising space in retail\u00a0 environments.\u00a0<\/span><\/p>\n<p><span style=\"font-weight: 400;\">Technology: Advice on the development, selection, and implementation of\u00a0 technological solutions for companies.\u00a0<\/span><\/p>\n<p><span style=\"font-weight: 400;\">The Site provides general information about these services, as well as the possibility\u00a0 of requesting quotes or contacting our consultants.\u00a0<\/span><\/p>\n<p><strong>3. Use of the Site.<\/strong><\/p>\n<p><span style=\"font-weight: 400;\">The User agrees to use the Site responsibly and legally. The User must not:\u00a0<\/span><\/p>\n<p><span style=\"font-weight: 400;\">Use the Site for illegal or fraudulent purposes.\u00a0<\/span><\/p>\n<p><span style=\"font-weight: 400;\">Interfere with or disrupt the operation of the Site or the servers.\u00a0<\/span><\/p>\n<p><span style=\"font-weight: 400;\">Introduce viruses, Trojan horses, or any other malicious code.\u00a0<\/span><\/p>\n<p><span style=\"font-weight: 400;\">Attempt to gain unauthorized access to any part of the Site or to other users&#8217;\u00a0 accounts.\u00a0<\/span><\/p>\n<p><span style=\"font-weight: 400;\">Copy, reproduce, distribute, or modify the content of the Site without the express\u00a0 authorization of Nexxia.\u00a0<\/span><\/p>\n<p><strong>4. Intellectual Property.\u00a0<\/strong><\/p>\n<p><span style=\"font-weight: 400;\">All content on the Site, including text, graphics, logos, icons, images, audio and video\u00a0 clips, and software, is the property of Nexxia or its licensors and is protected by\u00a0 intellectual property laws. The company&#8217;s trademark, logo, and trade name are\u00a0 registered and may not be used without permission. <\/span><\/p>\n<p><strong>5. Confidentiality and Privacy.\u00a0<\/strong><\/p>\n<p><span style=\"font-weight: 400;\">Use of the Site and Services may require the collection of personal data. The\u00a0 management of this information is governed by our Privacy Notice, which forms part\u00a0 of these Terms and Conditions. By using the Site, you consent to the processing of\u00a0 your data in accordance with that policy. <\/span><\/p>\n<p><strong>6. Limitation of Liability<\/strong><\/p>\n<p><span style=\"font-weight: 400;\">No Warranties: The Site and Services are provided on an \u201cas is\u201d basis, without\u00a0 warranties of any kind. We do not guarantee that the Site is free of errors or viruses or\u00a0 that your access to it will be uninterrupted.\u00a0<\/span><\/p>\n<p><span style=\"font-weight: 400;\">Professional Advice: The information provided on the Site is for informational\u00a0 purposes only and does not constitute professional advice. Business decisions based\u00a0 on this information are the sole responsibility of the User.\u00a0<\/span><\/p>\n<p><span style=\"font-weight: 400;\">Limitation of Damages: Nexxia shall not be liable for any direct, indirect, incidental,\u00a0 special, or consequential damages resulting from the use or inability to use the Site or\u00a0 the Services. <\/span><\/p>\n<p><strong>7. Third-Party Links\u00a0<\/strong><\/p>\n<p><span style=\"font-weight: 400;\">The Site may contain links to third-party websites. These links are provided for the\u00a0 convenience of the User. Nexxia does not control and is not responsible for the\u00a0 content, privacy policies, or practices of these external sites. <\/span><\/p>\n<p><strong>8. Modifications to the Terms\u00a0<\/strong><\/p>\n<p><span style=\"font-weight: 400;\">We reserve the right to modify these Terms and Conditions at any time by posting the\u00a0 updated version on the Site. The date of the last update will be indicated at the top of\u00a0 the document. Your continued use of the Site after such modifications constitutes\u00a0 your acceptance of the new terms. <\/span><\/p>\n<p><strong>9. Applicable Law and Jurisdiction\u00a0<\/strong><\/p>\n<p><span style=\"font-weight: 400;\">These Terms and Conditions are governed by and construed in accordance with the\u00a0 laws of the United States of America. Any dispute arising from the use of the Site or\u00a0 these Terms shall be resolved in the competent courts of Austin, Texas.<\/span><\/p>\n<p>[\/et_pb_text][\/et_pb_column][\/et_pb_row][\/et_pb_section]<\/p>","protected":false},"excerpt":{"rendered":"<p>T\u00e9rminos y condicionesEstimado Cliente, bienvenido a la p\u00e1gina web de \u201cNexxia\u201d desarrollada y operada por Loyalink, Limited Liability Company, en lo sucesivo (\u201cNexxia\u201d) mismo que tiene domicilio en 5900 Balcones Drive STE 100, Austin, Texas, 78731, EE. UU. 1. Aceptaci\u00f3n de t\u00e9rminos y Condiciones. Al acceder y utilizar el sitio web [www.nexxia.com] (en adelante, \u201cel [&hellip;]<\/p>","protected":false},"author":1,"featured_media":23,"parent":0,"menu_order":0,"comment_status":"closed","ping_status":"closed","template":"","meta":{"_et_pb_use_builder":"on","_et_pb_old_content":"","_et_gb_content_width":"","inline_featured_image":false,"footnotes":""},"class_list":["post-157","page","type-page","status-publish","has-post-thumbnail","hentry"],"yoast_head":"<!-- This site is optimized with the Yoast SEO plugin v26.6 - https:\/\/yoast.com\/wordpress\/plugins\/seo\/ -->\n<title>T\u00e9rminos y Condiciones | Uso y Pol\u00edticas del Sitio \u2013 Nexxia<\/title>\n<meta name=\"description\" content=\"Revisa los t\u00e9rminos y condiciones de Nexxia. Conoce las pol\u00edticas de uso, derechos y responsabilidades al interactuar con nuestro sitio web.\" \/>\n<meta name=\"robots\" content=\"index, follow, max-snippet:-1, max-image-preview:large, max-video-preview:-1\" \/>\n<link rel=\"canonical\" href=\"https:\/\/nexxia.com\/en\/terms-and-conditions\/\" \/>\n<meta property=\"og:locale\" content=\"en_US\" \/>\n<meta property=\"og:type\" content=\"article\" \/>\n<meta property=\"og:title\" content=\"T\u00e9rminos y Condiciones | Uso y Pol\u00edticas del Sitio \u2013 Nexxia\" \/>\n<meta property=\"og:description\" content=\"Revisa los t\u00e9rminos y condiciones de Nexxia. Conoce las pol\u00edticas de uso, derechos y responsabilidades al interactuar con nuestro sitio web.\" \/>\n<meta property=\"og:url\" content=\"https:\/\/nexxia.com\/en\/terms-and-conditions\/\" \/>\n<meta property=\"og:site_name\" content=\"Nexxia\" \/>\n<meta property=\"article:modified_time\" content=\"2026-01-06T20:58:57+00:00\" \/>\n<meta property=\"og:image\" content=\"https:\/\/nexxia.com\/wp-content\/uploads\/2025\/09\/share.webp\" \/>\n\t<meta property=\"og:image:width\" content=\"1251\" \/>\n\t<meta property=\"og:image:height\" content=\"876\" \/>\n\t<meta property=\"og:image:type\" content=\"image\/webp\" \/>\n<meta name=\"twitter:card\" content=\"summary_large_image\" \/>\n<meta name=\"twitter:label1\" content=\"Est. reading time\" \/>\n\t<meta name=\"twitter:data1\" content=\"6 minutes\" \/>\n<script type=\"application\/ld+json\" class=\"yoast-schema-graph\">{\"@context\":\"https:\/\/schema.org\",\"@graph\":[{\"@type\":\"WebPage\",\"@id\":\"https:\/\/nexxia.com\/terminos-y-condiciones\/\",\"url\":\"https:\/\/nexxia.com\/terminos-y-condiciones\/\",\"name\":\"T\u00e9rminos y Condiciones | Uso y Pol\u00edticas del Sitio \u2013 Nexxia\",\"isPartOf\":{\"@id\":\"https:\/\/nexxia.com\/#website\"},\"primaryImageOfPage\":{\"@id\":\"https:\/\/nexxia.com\/terminos-y-condiciones\/#primaryimage\"},\"image\":{\"@id\":\"https:\/\/nexxia.com\/terminos-y-condiciones\/#primaryimage\"},\"thumbnailUrl\":\"https:\/\/nexxia.com\/wp-content\/uploads\/2025\/09\/share.webp\",\"datePublished\":\"2025-09-24T20:48:46+00:00\",\"dateModified\":\"2026-01-06T20:58:57+00:00\",\"description\":\"Revisa los t\u00e9rminos y condiciones de Nexxia. Conoce las pol\u00edticas de uso, derechos y responsabilidades al interactuar con nuestro sitio web.\",\"breadcrumb\":{\"@id\":\"https:\/\/nexxia.com\/terminos-y-condiciones\/#breadcrumb\"},\"inLanguage\":\"en-US\",\"potentialAction\":[{\"@type\":\"ReadAction\",\"target\":[\"https:\/\/nexxia.com\/terminos-y-condiciones\/\"]}]},{\"@type\":\"ImageObject\",\"inLanguage\":\"en-US\",\"@id\":\"https:\/\/nexxia.com\/terminos-y-condiciones\/#primaryimage\",\"url\":\"https:\/\/nexxia.com\/wp-content\/uploads\/2025\/09\/share.webp\",\"contentUrl\":\"https:\/\/nexxia.com\/wp-content\/uploads\/2025\/09\/share.webp\",\"width\":1251,\"height\":876},{\"@type\":\"BreadcrumbList\",\"@id\":\"https:\/\/nexxia.com\/terminos-y-condiciones\/#breadcrumb\",\"itemListElement\":[{\"@type\":\"ListItem\",\"position\":1,\"name\":\"Home\",\"item\":\"https:\/\/nexxia.com\/\"},{\"@type\":\"ListItem\",\"position\":2,\"name\":\"T\u00e9rminos y condiciones\"}]},{\"@type\":\"WebSite\",\"@id\":\"https:\/\/nexxia.com\/#website\",\"url\":\"https:\/\/nexxia.com\/\",\"name\":\"Nexxia\",\"description\":\"\",\"potentialAction\":[{\"@type\":\"SearchAction\",\"target\":{\"@type\":\"EntryPoint\",\"urlTemplate\":\"https:\/\/nexxia.com\/?s={search_term_string}\"},\"query-input\":{\"@type\":\"PropertyValueSpecification\",\"valueRequired\":true,\"valueName\":\"search_term_string\"}}],\"inLanguage\":\"en-US\"}]}<\/script>\n<!-- \/ Yoast SEO plugin. -->","yoast_head_json":{"title":"Terms &amp; Conditions | Site Usage Policies \u2013 Nexxia","description":"Review Nexxia\u2019s terms and conditions to understand our website\u2019s usage policies, rights and user responsibilities.","robots":{"index":"index","follow":"follow","max-snippet":"max-snippet:-1","max-image-preview":"max-image-preview:large","max-video-preview":"max-video-preview:-1"},"canonical":"https:\/\/nexxia.com\/en\/terms-and-conditions\/","og_locale":"en_US","og_type":"article","og_title":"T\u00e9rminos y Condiciones | Uso y Pol\u00edticas del Sitio \u2013 Nexxia","og_description":"Revisa los t\u00e9rminos y condiciones de Nexxia. Conoce las pol\u00edticas de uso, derechos y responsabilidades al interactuar con nuestro sitio web.","og_url":"https:\/\/nexxia.com\/en\/terms-and-conditions\/","og_site_name":"Nexxia","article_modified_time":"2026-01-06T20:58:57+00:00","og_image":[{"width":1251,"height":876,"url":"https:\/\/nexxia.com\/wp-content\/uploads\/2025\/09\/share.webp","type":"image\/webp"}],"twitter_card":"summary_large_image","twitter_misc":{"Est. reading time":"6 minutes"},"schema":{"@context":"https:\/\/schema.org","@graph":[{"@type":"WebPage","@id":"https:\/\/nexxia.com\/terminos-y-condiciones\/","url":"https:\/\/nexxia.com\/terminos-y-condiciones\/","name":"Terms &amp; Conditions | Site Usage Policies \u2013 Nexxia","isPartOf":{"@id":"https:\/\/nexxia.com\/#website"},"primaryImageOfPage":{"@id":"https:\/\/nexxia.com\/terminos-y-condiciones\/#primaryimage"},"image":{"@id":"https:\/\/nexxia.com\/terminos-y-condiciones\/#primaryimage"},"thumbnailUrl":"https:\/\/nexxia.com\/wp-content\/uploads\/2025\/09\/share.webp","datePublished":"2025-09-24T20:48:46+00:00","dateModified":"2026-01-06T20:58:57+00:00","description":"Review Nexxia\u2019s terms and conditions to understand our website\u2019s usage policies, rights and user responsibilities.","breadcrumb":{"@id":"https:\/\/nexxia.com\/terminos-y-condiciones\/#breadcrumb"},"inLanguage":"en-US","potentialAction":[{"@type":"ReadAction","target":["https:\/\/nexxia.com\/terminos-y-condiciones\/"]}]},{"@type":"ImageObject","inLanguage":"en-US","@id":"https:\/\/nexxia.com\/terminos-y-condiciones\/#primaryimage","url":"https:\/\/nexxia.com\/wp-content\/uploads\/2025\/09\/share.webp","contentUrl":"https:\/\/nexxia.com\/wp-content\/uploads\/2025\/09\/share.webp","width":1251,"height":876},{"@type":"BreadcrumbList","@id":"https:\/\/nexxia.com\/terminos-y-condiciones\/#breadcrumb","itemListElement":[{"@type":"ListItem","position":1,"name":"Home","item":"https:\/\/nexxia.com\/"},{"@type":"ListItem","position":2,"name":"T\u00e9rminos y condiciones"}]},{"@type":"WebSite","@id":"https:\/\/nexxia.com\/#website","url":"https:\/\/nexxia.com\/","name":"Nexxia","description":"","potentialAction":[{"@type":"SearchAction","target":{"@type":"EntryPoint","urlTemplate":"https:\/\/nexxia.com\/?s={search_term_string}"},"query-input":{"@type":"PropertyValueSpecification","valueRequired":true,"valueName":"search_term_string"}}],"inLanguage":"en-US"}]}},"_links":{"self":[{"href":"https:\/\/nexxia.com\/en\/wp-json\/wp\/v2\/pages\/157","targetHints":{"allow":["GET"]}}],"collection":[{"href":"https:\/\/nexxia.com\/en\/wp-json\/wp\/v2\/pages"}],"about":[{"href":"https:\/\/nexxia.com\/en\/wp-json\/wp\/v2\/types\/page"}],"author":[{"embeddable":true,"href":"https:\/\/nexxia.com\/en\/wp-json\/wp\/v2\/users\/1"}],"replies":[{"embeddable":true,"href":"https:\/\/nexxia.com\/en\/wp-json\/wp\/v2\/comments?post=157"}],"version-history":[{"count":6,"href":"https:\/\/nexxia.com\/en\/wp-json\/wp\/v2\/pages\/157\/revisions"}],"predecessor-version":[{"id":484,"href":"https:\/\/nexxia.com\/en\/wp-json\/wp\/v2\/pages\/157\/revisions\/484"}],"wp:featuredmedia":[{"embeddable":true,"href":"https:\/\/nexxia.com\/en\/wp-json\/wp\/v2\/media\/23"}],"wp:attachment":[{"href":"https:\/\/nexxia.com\/en\/wp-json\/wp\/v2\/media?parent=157"}],"curies":[{"name":"wp","href":"https:\/\/api.w.org\/{rel}","templated":true}]}}