{"id":133,"date":"2025-09-24T20:47:11","date_gmt":"2025-09-24T20:47:11","guid":{"rendered":"http:\/\/wordpress.nexxia.site\/?page_id=133"},"modified":"2026-01-23T05:24:10","modified_gmt":"2026-01-23T00:24:10","slug":"data","status":"publish","type":"page","link":"https:\/\/nexxia.com\/en\/data\/","title":{"rendered":"Data"},"content":{"rendered":"[et_pb_section fb_built=&#8221;1&#8243; module_class=&#8221;hero-image&#8221; _builder_version=&#8221;4.27.4&#8243; _module_preset=&#8221;default&#8221; background_color=&#8221;#111111&#8243; background_image=&#8221;https:\/\/nexxia.com\/wp-content\/uploads\/2026\/01\/Hero.png&#8221; background_position=&#8221;top_center&#8221; custom_padding=&#8221;|||0px||&#8221; hover_enabled=&#8221;0&#8243; background_last_edited=&#8221;on|desktop&#8221; background_enable_image_phone=&#8221;off&#8221; global_colors_info=&#8221;{}&#8221; title_text=&#8221;Hero&#8221; sticky_enabled=&#8221;0&#8243;][et_pb_row column_structure=&#8221;1_2,1_2&#8243; _builder_version=&#8221;4.27.4&#8243; _module_preset=&#8221;default&#8221; global_colors_info=&#8221;{}&#8221;][et_pb_column type=&#8221;1_2&#8243; _builder_version=&#8221;4.27.4&#8243; _module_preset=&#8221;default&#8221; global_colors_info=&#8221;{}&#8221;][et_pb_text module_class=&#8221;text-white&#8221; _builder_version=&#8221;4.27.4&#8243; _module_preset=&#8221;default&#8221; custom_margin=&#8221;||16px||false|false&#8221; global_colors_info=&#8221;{}&#8221;]<p>Data<\/p>[\/et_pb_text][et_pb_text module_class=&#8221;text-white text-uppercase&#8221; _builder_version=&#8221;4.27.4&#8243; _module_preset=&#8221;default&#8221; global_colors_info=&#8221;{}&#8221;]<h1>Smart data at the right time and in the right place<\/h1>[\/et_pb_text][et_pb_button button_url=&#8221;#contact&#8221; button_text=&#8221;CONTACTO&#8221; module_class=&#8221;btn btn&#8211;type1 btn&#8211;border3&#8243; _builder_version=&#8221;4.27.4&#8243; _module_preset=&#8221;default&#8221; custom_button=&#8221;on&#8221; button_text_color=&#8221;#FFFFFF&#8221; button_use_icon=&#8221;off&#8221; global_colors_info=&#8221;{}&#8221;][\/et_pb_button][\/et_pb_column][et_pb_column type=&#8221;1_2&#8243; _builder_version=&#8221;4.27.4&#8243; _module_preset=&#8221;default&#8221; global_colors_info=&#8221;{}&#8221;][et_pb_image src=&#8221;https:\/\/nexxia.com\/wp-content\/uploads\/2026\/01\/hero-mobile.png&#8221; title_text=&#8221;hero-mobile&#8221; disabled_on=&#8221;off|on|on&#8221; _builder_version=&#8221;4.27.4&#8243; _module_preset=&#8221;default&#8221; hover_enabled=&#8221;0&#8243; global_colors_info=&#8221;{}&#8221; sticky_enabled=&#8221;0&#8243;][\/et_pb_image][\/et_pb_column][\/et_pb_row][\/et_pb_section][et_pb_section fb_built=&#8221;1&#8243; module_class=&#8221;module&#8221; _builder_version=&#8221;4.27.4&#8243; _module_preset=&#8221;default&#8221; background_color=&#8221;#111111&#8243; global_colors_info=&#8221;{}&#8221;][et_pb_row column_structure=&#8221;1_2,1_2&#8243; module_class=&#8221;center-row&#8221; _builder_version=&#8221;4.27.4&#8243; _module_preset=&#8221;default&#8221; custom_padding=&#8221;0px||0px||true|false&#8221; custom_css_main_element=&#8221;overflow:hidden;&#8221; global_colors_info=&#8221;{}&#8221;][et_pb_column type=&#8221;1_2&#8243; _builder_version=&#8221;4.27.4&#8243; _module_preset=&#8221;default&#8221; global_colors_info=&#8221;{}&#8221;][et_pb_text module_class=&#8221;text-uppercase text-16 text-Gray500&#8243; _builder_version=&#8221;4.27.4&#8243; _module_preset=&#8221;default&#8221; custom_margin=&#8221;||16px||false|false&#8221; global_colors_info=&#8221;{}&#8221;]<h2><strong>WHAT WE DO?<\/strong><\/h2>[\/et_pb_text][et_pb_text module_class=&#8221;text-20 text-white&#8221; _builder_version=&#8221;4.27.4&#8243; _module_preset=&#8221;default&#8221; custom_padding_tablet=&#8221;&#8221; custom_padding_phone=&#8221;||32px||false|false&#8221; custom_padding_last_edited=&#8221;on|phone&#8221; global_colors_info=&#8221;{}&#8221;]<p>We help brands reach their ideal consumers across a connected network of companies, leveraging high-value audiences, advanced technology, and omnichannel media to drive precision and performance.<\/p>[\/et_pb_text][\/et_pb_column][et_pb_column type=&#8221;1_2&#8243; _builder_version=&#8221;4.27.4&#8243; _module_preset=&#8221;default&#8221; global_colors_info=&#8221;{}&#8221;][et_pb_code module_class=&#8221;canva-mobile-10&#8243; _builder_version=&#8221;4.27.4&#8243; _module_preset=&#8221;default&#8221; global_colors_info=&#8221;{}&#8221;]<canvas <!--no numeric noise key 1028-->  id=&#8221;lottie-retail&#8221;<!-- [et_pb_line_break_holder] -->  class=&#8221;esp-element scroll-lottie&#8221;<!-- [et_pb_line_break_holder] -->  data-lottie-src=&#8221;\/wp-content\/uploads\/2026\/01\/spa_Data.json&#8221;<!-- [et_pb_line_break_holder] -->  data-lottie-speed=&#8221;1&#8243;<!-- [et_pb_line_break_holder] -->  data-lottie-loop=&#8221;true&#8221;<!-- [et_pb_line_break_holder] -->  style=&#8221;width: 140%; max-width: 600px; height: auto; display:block; margin:0 auto;&#8221;<!-- [et_pb_line_break_holder] -->><\/canvas><!-- [et_pb_line_break_holder] --><canvas <!--no numeric noise key 1020-->  id=&#8221;lottie-retail&#8221;<!-- [et_pb_line_break_holder] -->  class=&#8221;eng-element scroll-lottie&#8221;<!-- [et_pb_line_break_holder] -->  data-lottie-src=&#8221;\/wp-content\/uploads\/2026\/01\/eng_Data.json&#8221;<!-- [et_pb_line_break_holder] -->  data-lottie-speed=&#8221;1&#8243;<!-- [et_pb_line_break_holder] -->  data-lottie-loop=&#8221;true&#8221;<!-- [et_pb_line_break_holder] -->  style=&#8221;width: 140%; max-width: 600px; height: auto; display:block; margin:0 auto;&#8221;<!-- [et_pb_line_break_holder] -->><\/canvas>[\/et_pb_code][\/et_pb_column][\/et_pb_row][\/et_pb_section][et_pb_section fb_built=&#8221;1&#8243; custom_padding_last_edited=&#8221;on|phone&#8221; disabled_on=&#8221;on|on|on&#8221; _builder_version=&#8221;4.27.4&#8243; _module_preset=&#8221;default&#8221; background_image=&#8221;https:\/\/nexxia.com\/wp-content\/uploads\/2025\/10\/NexxiaAdds-scaled.png&#8221; custom_margin=&#8221;||||false|false&#8221; custom_padding=&#8221;150px||150px||true|false&#8221; custom_padding_tablet=&#8221;150px||150px||true|false&#8221; custom_padding_phone=&#8221;300px||40px||false|false&#8221; background_last_edited=&#8221;on|phone&#8221; background_image_phone=&#8221;https:\/\/nexxia.com\/wp-content\/uploads\/2025\/10\/NexxiaAdds-scaled.png&#8221; background_enable_image_phone=&#8221;on&#8221; background_position_phone=&#8221;bottom_left&#8221; background_horizontal_offset_phone=&#8221;29%&#8221; disabled=&#8221;on&#8221; global_colors_info=&#8221;{}&#8221;][et_pb_row column_structure=&#8221;1_2,1_2&#8243; _builder_version=&#8221;4.27.4&#8243; _module_preset=&#8221;default&#8221; custom_padding=&#8221;0px||0px||true|false&#8221; global_colors_info=&#8221;{}&#8221;][et_pb_column type=&#8221;1_2&#8243; _builder_version=&#8221;4.27.4&#8243; _module_preset=&#8221;default&#8221; global_colors_info=&#8221;{}&#8221;][\/et_pb_column][et_pb_column type=&#8221;1_2&#8243; _builder_version=&#8221;4.27.4&#8243; _module_preset=&#8221;default&#8221; global_colors_info=&#8221;{}&#8221;][et_pb_text module_class=&#8221;text-white text-20&#8243; _builder_version=&#8221;4.27.4&#8243; _module_preset=&#8221;default&#8221; background_color=&#8221;rgba(17,17,17,0.81)&#8221; custom_padding=&#8221;24px|24px|24px|24px|true|true&#8221; border_width_bottom=&#8221;1px&#8221; border_color_bottom=&#8221;#ddf22c&#8221; global_colors_info=&#8221;{}&#8221;]<p><a href=\"https:\/\/nexxia.com\/wp-content\/uploads\/2025\/09\/nexxia-ads.svg\"><img loading=\"lazy\" decoding=\"async\" src=\"https:\/\/nexxia.com\/wp-content\/uploads\/2025\/09\/nexxia-ads.svg\" width=\"174\" height=\"22\" alt=\"\" class=\"wp-image-587 alignnone size-medium\" \/><\/a><br \/>Nexxia Ads is a full-funnel solution that connects brands with hyper-segmented audiences through the most effective touchpoints: store, web, apps, CRM, and more.<\/p>[\/et_pb_text][\/et_pb_column][\/et_pb_row][\/et_pb_section][et_pb_section fb_built=&#8221;1&#8243; disabled_on=&#8221;on|on|on&#8221; module_class=&#8221;module-bottom&#8221; _builder_version=&#8221;4.27.4&#8243; _module_preset=&#8221;default&#8221; background_color=&#8221;#111111&#8243; custom_padding=&#8221;0px||||false|false&#8221; disabled=&#8221;on&#8221; global_colors_info=&#8221;{}&#8221;][et_pb_row column_structure=&#8221;1_2,1_2&#8243; module_class=&#8221;center-row&#8221; _builder_version=&#8221;4.27.4&#8243; _module_preset=&#8221;default&#8221; custom_margin=&#8221;||||false|false&#8221; custom_padding=&#8221;0px||0px||true|false&#8221; global_colors_info=&#8221;{}&#8221;][et_pb_column type=&#8221;1_2&#8243; _builder_version=&#8221;4.27.4&#8243; _module_preset=&#8221;default&#8221; global_colors_info=&#8221;{}&#8221;][et_pb_text module_class=&#8221;text-uppercase text-16 text-Gray500&#8243; _builder_version=&#8221;4.27.4&#8243; _module_preset=&#8221;default&#8221; custom_margin=&#8221;||16px||false|false&#8221; global_colors_info=&#8221;{}&#8221;]<h2><strong>OUR APPROACH<\/strong><\/h2>[\/et_pb_text][et_pb_text module_class=&#8221;text-20 text-white&#8221; _builder_version=&#8221;4.27.4&#8243; _module_preset=&#8221;default&#8221; custom_padding_tablet=&#8221;&#8221; custom_padding_phone=&#8221;||32px||false|false&#8221; custom_padding_last_edited=&#8221;on|phone&#8221; global_colors_info=&#8221;{}&#8221;]<p>At Nexxia Retail Media, we combine data-enriched customer profiles with a powerful media infrastructure to activate campaigns with precision and efficiency.<\/p>[\/et_pb_text][\/et_pb_column][et_pb_column type=&#8221;1_2&#8243; _builder_version=&#8221;4.27.4&#8243; _module_preset=&#8221;default&#8221; global_colors_info=&#8221;{}&#8221;][et_pb_code _builder_version=&#8221;4.27.4&#8243; _module_preset=&#8221;default&#8221; global_colors_info=&#8221;{}&#8221;]<canvas <!--no numeric noise key 1013-->  id=&#8221;lottie-retail-metdology&#8221;<!-- [et_pb_line_break_holder] -->  class=&#8221;scroll-lottie&#8221;<!-- [et_pb_line_break_holder] -->  background=&#8221;transparent&#8221;<!-- [et_pb_line_break_holder] -->  data-lottie-loop=&#8221;false&#8221;<!-- [et_pb_line_break_holder] -->  data-lottie-src=&#8221;\/wp-content\/uploads\/2025\/09\/nexxia_retail-media_metodologia.json&#8221;<!-- [et_pb_line_break_holder] -->  data-lottie-speed=&#8221;1&#8243;<!-- [et_pb_line_break_holder] -->  style=&#8221;width: 100%; max-width: 600px; height: auto; display:block; margin:0 auto;&#8221;<!-- [et_pb_line_break_holder] -->><\/canvas><!-- [et_pb_line_break_holder] --><!-- [et_pb_line_break_holder] --><!-- [et_pb_line_break_holder] --><!-- [et_pb_line_break_holder] --><!-- [et_pb_line_break_holder] --><!-- [et_pb_line_break_holder] -->[\/et_pb_code][\/et_pb_column][\/et_pb_row][\/et_pb_section][et_pb_section fb_built=&#8221;1&#8243; disabled_on=&#8221;on|on|on&#8221; module_class=&#8221;module-bottom&#8221; _builder_version=&#8221;4.27.4&#8243; _module_preset=&#8221;default&#8221; background_color=&#8221;#111111&#8243; custom_padding=&#8221;0px||||false|false&#8221; disabled=&#8221;on&#8221; global_colors_info=&#8221;{}&#8221;][et_pb_row column_structure=&#8221;1_2,1_2&#8243; custom_padding_last_edited=&#8221;off|desktop&#8221; _builder_version=&#8221;4.27.4&#8243; _module_preset=&#8221;default&#8221; custom_padding=&#8221;||||false|false&#8221; custom_padding_phone=&#8221;||0px||false|false&#8221; global_colors_info=&#8221;{}&#8221;][et_pb_column type=&#8221;1_2&#8243; _builder_version=&#8221;4.27.4&#8243; _module_preset=&#8221;default&#8221; global_colors_info=&#8221;{}&#8221;][et_pb_text module_class=&#8221;text-uppercase text-16 text-Gray500&#8243; _builder_version=&#8221;4.27.4&#8243; _module_preset=&#8221;default&#8221; custom_margin=&#8221;||16px||false|false&#8221; global_colors_info=&#8221;{}&#8221;]<h2><strong>OUR SERVICES<\/strong><\/h2>[\/et_pb_text][et_pb_text module_class=&#8221;text-white&#8221; _builder_version=&#8221;4.27.4&#8243; _module_preset=&#8221;default&#8221; global_colors_info=&#8221;{}&#8221;]<p>With unified insights and a holistic view of performance, we help you optimize media investment and close the loop between discovery, consideration, and conversion.<\/p>[\/et_pb_text][\/et_pb_column][et_pb_column type=&#8221;1_2&#8243; _builder_version=&#8221;4.27.4&#8243; _module_preset=&#8221;default&#8221; global_colors_info=&#8221;{}&#8221;][\/et_pb_column][\/et_pb_row][et_pb_row column_structure=&#8221;1_2,1_2&#8243; module_class=&#8221;grid-row&#8221; _builder_version=&#8221;4.27.4&#8243; _module_preset=&#8221;default&#8221; custom_padding=&#8221;0px||0px||true|false&#8221; global_colors_info=&#8221;{}&#8221;][et_pb_column type=&#8221;1_2&#8243; _builder_version=&#8221;4.27.4&#8243; _module_preset=&#8221;default&#8221; global_colors_info=&#8221;{}&#8221;][et_pb_blurb title=&#8221;Acceso a audiencias con comportamientos reales en ecosistemas de alto tr\u00e1fico.&#8221; image=&#8221;https:\/\/nexxia.com\/wp-content\/uploads\/2025\/09\/retail-icon-4.svg&#8221; module_class=&#8221;box-icon box&#8211;color3&#8243; _builder_version=&#8221;4.27.4&#8243; _module_preset=&#8221;default&#8221; global_colors_info=&#8221;{}&#8221;][\/et_pb_blurb][\/et_pb_column][et_pb_column type=&#8221;1_2&#8243; _builder_version=&#8221;4.27.4&#8243; _module_preset=&#8221;default&#8221; global_colors_info=&#8221;{}&#8221;][et_pb_blurb title=&#8221;Activaci\u00f3n en medios f\u00edsicos y digitales.&#8221; image=&#8221;https:\/\/nexxia.com\/wp-content\/uploads\/2025\/09\/retail-icon-3.svg&#8221; module_class=&#8221;box-icon box&#8211;color3&#8243; _builder_version=&#8221;4.27.4&#8243; _module_preset=&#8221;default&#8221; global_colors_info=&#8221;{}&#8221;]<p>(in-store, onsite, and offsite).<\/p>[\/et_pb_blurb][\/et_pb_column][\/et_pb_row][et_pb_row column_structure=&#8221;1_2,1_2&#8243; custom_padding_last_edited=&#8221;on|tablet&#8221; module_class=&#8221;grid-row&#8221; _builder_version=&#8221;4.27.4&#8243; _module_preset=&#8221;default&#8221; custom_padding=&#8221;24px||0px||false|false&#8221; custom_padding_tablet=&#8221;0px||||false|false&#8221; custom_padding_phone=&#8221;0px||||false|false&#8221; global_colors_info=&#8221;{}&#8221;][et_pb_column type=&#8221;1_2&#8243; _builder_version=&#8221;4.27.4&#8243; _module_preset=&#8221;default&#8221; global_colors_info=&#8221;{}&#8221;][et_pb_blurb title=&#8221;Segmentaci\u00f3n precisa por perfil, intenci\u00f3n, geolocalizaci\u00f3n y m\u00e1s.&#8221; image=&#8221;https:\/\/nexxia.com\/wp-content\/uploads\/2025\/09\/retail-icon-1.svg&#8221; module_class=&#8221;box-icon box&#8211;color3&#8243; _builder_version=&#8221;4.27.4&#8243; _module_preset=&#8221;default&#8221; global_colors_info=&#8221;{}&#8221;][\/et_pb_blurb][\/et_pb_column][et_pb_column type=&#8221;1_2&#8243; _builder_version=&#8221;4.27.4&#8243; _module_preset=&#8221;default&#8221; global_colors_info=&#8221;{}&#8221;][et_pb_blurb title=&#8221;Medici\u00f3n de impacto unificada en un solo dashboard.&#8221; image=&#8221;https:\/\/nexxia.com\/wp-content\/uploads\/2025\/09\/retail-icon-2.svg&#8221; module_class=&#8221;box-icon box&#8211;color3&#8243; _builder_version=&#8221;4.27.4&#8243; _module_preset=&#8221;default&#8221; global_colors_info=&#8221;{}&#8221;][\/et_pb_blurb][\/et_pb_column][\/et_pb_row][\/et_pb_section][et_pb_section fb_built=&#8221;1&#8243; custom_padding_last_edited=&#8221;on|phone&#8221; module_class=&#8221;module-top&#8221; _builder_version=&#8221;4.27.4&#8243; _module_preset=&#8221;default&#8221; background_color=&#8221;#111111&#8243; custom_padding=&#8221;||40px||false|false&#8221; custom_padding_tablet=&#8221;||32px||false|false&#8221; custom_padding_phone=&#8221;||0px||false|false&#8221; global_colors_info=&#8221;{}&#8221;][et_pb_row _builder_version=&#8221;4.27.4&#8243; _module_preset=&#8221;default&#8221; global_colors_info=&#8221;{}&#8221;][et_pb_column type=&#8221;4_4&#8243; _builder_version=&#8221;4.27.4&#8243; _module_preset=&#8221;default&#8221; global_colors_info=&#8221;{}&#8221;][et_pb_text module_class=&#8221;text-white text-uppercase&#8221; _builder_version=&#8221;4.27.4&#8243; _module_preset=&#8221;default&#8221; global_colors_info=&#8221;{}&#8221;]<h2><strong class=\"text-Yellow400\">We activate through data<\/strong>,<\/h2>\n<h2>NOT INTUITON.<\/h2>[\/et_pb_text][\/et_pb_column][\/et_pb_row][\/et_pb_section]","protected":false},"excerpt":{"rendered":"<p>DataData inteligente en el momento y lugar correctos\u00bfQu\u00e9 hacemos?Impactamos al consumidor ideal dentro de m\u00faltiples compa\u00f1\u00edas, combinando audiencias valiosas, tecnolog\u00eda y medios omnicanal.Nexxia Ads es una soluci\u00f3n de funnel completo que permite a las marcas dentro de multiples compa\u00f1\u00edas conectar con audiencias hipersegmentadas en los puntos de contacto m\u00e1s efectivos: tienda, web, apps, CRM, y [&hellip;]<\/p>","protected":false},"author":1,"featured_media":23,"parent":0,"menu_order":0,"comment_status":"closed","ping_status":"closed","template":"","meta":{"_et_pb_use_builder":"on","_et_pb_old_content":"","_et_gb_content_width":"","inline_featured_image":false,"footnotes":""},"class_list":["post-133","page","type-page","status-publish","has-post-thumbnail","hentry"],"yoast_head":"<!-- This site is optimized with the Yoast SEO plugin v26.6 - https:\/\/yoast.com\/wordpress\/plugins\/seo\/ -->\n<title>Data | Estrategia y Datos para Marcas y Retailers \u2013 Nexxia<\/title>\n<meta name=\"description\" content=\"Nexxia desarrolla soluciones de retail media que combinan datos, estrategia y tecnolog\u00eda para conectar marcas con consumidores.\" \/>\n<meta name=\"robots\" content=\"index, follow, max-snippet:-1, max-image-preview:large, max-video-preview:-1\" \/>\n<link rel=\"canonical\" href=\"https:\/\/nexxia.com\/en\/data\/\" \/>\n<meta property=\"og:locale\" content=\"en_US\" \/>\n<meta property=\"og:type\" content=\"article\" \/>\n<meta property=\"og:title\" content=\"Data | Estrategia y Datos para Marcas y Retailers \u2013 Nexxia\" \/>\n<meta property=\"og:description\" content=\"Nexxia desarrolla soluciones de retail media que combinan datos, estrategia y tecnolog\u00eda para conectar marcas con consumidores.\" \/>\n<meta property=\"og:url\" content=\"https:\/\/nexxia.com\/en\/data\/\" \/>\n<meta property=\"og:site_name\" content=\"Nexxia\" \/>\n<meta property=\"article:modified_time\" content=\"2026-01-23T00:24:10+00:00\" \/>\n<meta property=\"og:image\" content=\"https:\/\/nexxia.com\/wp-content\/uploads\/2025\/09\/share.webp\" \/>\n\t<meta property=\"og:image:width\" content=\"1251\" \/>\n\t<meta property=\"og:image:height\" content=\"876\" \/>\n\t<meta property=\"og:image:type\" content=\"image\/webp\" \/>\n<meta name=\"twitter:card\" content=\"summary_large_image\" \/>\n<meta name=\"twitter:label1\" content=\"Est. reading time\" \/>\n\t<meta name=\"twitter:data1\" content=\"1 minute\" \/>\n<script type=\"application\/ld+json\" class=\"yoast-schema-graph\">{\"@context\":\"https:\/\/schema.org\",\"@graph\":[{\"@type\":\"WebPage\",\"@id\":\"https:\/\/nexxia.com\/data\/\",\"url\":\"https:\/\/nexxia.com\/data\/\",\"name\":\"Data | Estrategia y Datos para Marcas y Retailers \u2013 Nexxia\",\"isPartOf\":{\"@id\":\"https:\/\/nexxia.com\/#website\"},\"primaryImageOfPage\":{\"@id\":\"https:\/\/nexxia.com\/data\/#primaryimage\"},\"image\":{\"@id\":\"https:\/\/nexxia.com\/data\/#primaryimage\"},\"thumbnailUrl\":\"https:\/\/nexxia.com\/wp-content\/uploads\/2025\/09\/share.webp\",\"datePublished\":\"2025-09-24T20:47:11+00:00\",\"dateModified\":\"2026-01-23T00:24:10+00:00\",\"description\":\"Nexxia desarrolla soluciones de retail media que combinan datos, estrategia y tecnolog\u00eda para conectar marcas con consumidores.\",\"breadcrumb\":{\"@id\":\"https:\/\/nexxia.com\/data\/#breadcrumb\"},\"inLanguage\":\"en-US\",\"potentialAction\":[{\"@type\":\"ReadAction\",\"target\":[\"https:\/\/nexxia.com\/data\/\"]}]},{\"@type\":\"ImageObject\",\"inLanguage\":\"en-US\",\"@id\":\"https:\/\/nexxia.com\/data\/#primaryimage\",\"url\":\"https:\/\/nexxia.com\/wp-content\/uploads\/2025\/09\/share.webp\",\"contentUrl\":\"https:\/\/nexxia.com\/wp-content\/uploads\/2025\/09\/share.webp\",\"width\":1251,\"height\":876},{\"@type\":\"BreadcrumbList\",\"@id\":\"https:\/\/nexxia.com\/data\/#breadcrumb\",\"itemListElement\":[{\"@type\":\"ListItem\",\"position\":1,\"name\":\"Home\",\"item\":\"https:\/\/nexxia.com\/\"},{\"@type\":\"ListItem\",\"position\":2,\"name\":\"Data\"}]},{\"@type\":\"WebSite\",\"@id\":\"https:\/\/nexxia.com\/#website\",\"url\":\"https:\/\/nexxia.com\/\",\"name\":\"Nexxia\",\"description\":\"\",\"potentialAction\":[{\"@type\":\"SearchAction\",\"target\":{\"@type\":\"EntryPoint\",\"urlTemplate\":\"https:\/\/nexxia.com\/?s={search_term_string}\"},\"query-input\":{\"@type\":\"PropertyValueSpecification\",\"valueRequired\":true,\"valueName\":\"search_term_string\"}}],\"inLanguage\":\"en-US\"}]}<\/script>\n<!-- \/ Yoast SEO plugin. -->","yoast_head_json":{"title":"Data | Strategy and Data for Brands and Retailers \u2013 Nexxia","description":"Nexxia develops retail media solutions that connect brands and consumers through data, strategy, and technology.","robots":{"index":"index","follow":"follow","max-snippet":"max-snippet:-1","max-image-preview":"max-image-preview:large","max-video-preview":"max-video-preview:-1"},"canonical":"https:\/\/nexxia.com\/en\/data\/","og_locale":"en_US","og_type":"article","og_title":"Data | Estrategia y Datos para Marcas y Retailers \u2013 Nexxia","og_description":"Nexxia desarrolla soluciones de retail media que combinan datos, estrategia y tecnolog\u00eda para conectar marcas con consumidores.","og_url":"https:\/\/nexxia.com\/en\/data\/","og_site_name":"Nexxia","article_modified_time":"2026-01-23T00:24:10+00:00","og_image":[{"width":1251,"height":876,"url":"https:\/\/nexxia.com\/wp-content\/uploads\/2025\/09\/share.webp","type":"image\/webp"}],"twitter_card":"summary_large_image","twitter_misc":{"Est. reading time":"1 minute"},"schema":{"@context":"https:\/\/schema.org","@graph":[{"@type":"WebPage","@id":"https:\/\/nexxia.com\/data\/","url":"https:\/\/nexxia.com\/data\/","name":"Data | Strategy and Data for Brands and Retailers \u2013 Nexxia","isPartOf":{"@id":"https:\/\/nexxia.com\/#website"},"primaryImageOfPage":{"@id":"https:\/\/nexxia.com\/data\/#primaryimage"},"image":{"@id":"https:\/\/nexxia.com\/data\/#primaryimage"},"thumbnailUrl":"https:\/\/nexxia.com\/wp-content\/uploads\/2025\/09\/share.webp","datePublished":"2025-09-24T20:47:11+00:00","dateModified":"2026-01-23T00:24:10+00:00","description":"Nexxia develops retail media solutions that connect brands and consumers through data, strategy, and technology.","breadcrumb":{"@id":"https:\/\/nexxia.com\/data\/#breadcrumb"},"inLanguage":"en-US","potentialAction":[{"@type":"ReadAction","target":["https:\/\/nexxia.com\/data\/"]}]},{"@type":"ImageObject","inLanguage":"en-US","@id":"https:\/\/nexxia.com\/data\/#primaryimage","url":"https:\/\/nexxia.com\/wp-content\/uploads\/2025\/09\/share.webp","contentUrl":"https:\/\/nexxia.com\/wp-content\/uploads\/2025\/09\/share.webp","width":1251,"height":876},{"@type":"BreadcrumbList","@id":"https:\/\/nexxia.com\/data\/#breadcrumb","itemListElement":[{"@type":"ListItem","position":1,"name":"Home","item":"https:\/\/nexxia.com\/"},{"@type":"ListItem","position":2,"name":"Data"}]},{"@type":"WebSite","@id":"https:\/\/nexxia.com\/#website","url":"https:\/\/nexxia.com\/","name":"Nexxia","description":"","potentialAction":[{"@type":"SearchAction","target":{"@type":"EntryPoint","urlTemplate":"https:\/\/nexxia.com\/?s={search_term_string}"},"query-input":{"@type":"PropertyValueSpecification","valueRequired":true,"valueName":"search_term_string"}}],"inLanguage":"en-US"}]}},"_links":{"self":[{"href":"https:\/\/nexxia.com\/en\/wp-json\/wp\/v2\/pages\/133","targetHints":{"allow":["GET"]}}],"collection":[{"href":"https:\/\/nexxia.com\/en\/wp-json\/wp\/v2\/pages"}],"about":[{"href":"https:\/\/nexxia.com\/en\/wp-json\/wp\/v2\/types\/page"}],"author":[{"embeddable":true,"href":"https:\/\/nexxia.com\/en\/wp-json\/wp\/v2\/users\/1"}],"replies":[{"embeddable":true,"href":"https:\/\/nexxia.com\/en\/wp-json\/wp\/v2\/comments?post=133"}],"version-history":[{"count":20,"href":"https:\/\/nexxia.com\/en\/wp-json\/wp\/v2\/pages\/133\/revisions"}],"predecessor-version":[{"id":533,"href":"https:\/\/nexxia.com\/en\/wp-json\/wp\/v2\/pages\/133\/revisions\/533"}],"wp:featuredmedia":[{"embeddable":true,"href":"https:\/\/nexxia.com\/en\/wp-json\/wp\/v2\/media\/23"}],"wp:attachment":[{"href":"https:\/\/nexxia.com\/en\/wp-json\/wp\/v2\/media?parent=133"}],"curies":[{"name":"wp","href":"https:\/\/api.w.org\/{rel}","templated":true}]}}