{"id":118,"date":"2025-09-24T20:46:14","date_gmt":"2025-09-24T20:46:14","guid":{"rendered":"http:\/\/wordpress.nexxia.site\/?page_id=118"},"modified":"2025-11-08T01:03:26","modified_gmt":"2025-11-07T20:03:26","slug":"about-us","status":"publish","type":"page","link":"https:\/\/nexxia.com\/en\/about-us\/","title":{"rendered":"About us"},"content":{"rendered":"[et_pb_section fb_built=&#8221;1&#8243; module_class=&#8221;hero-image&#8221; _builder_version=&#8221;4.27.4&#8243; _module_preset=&#8221;default&#8221; background_color=&#8221;#111111&#8243; background_image=&#8221;https:\/\/nexxia.com\/wp-content\/uploads\/2025\/09\/hero-about.png&#8221; background_position=&#8221;top_center&#8221; background_last_edited=&#8221;on|desktop&#8221; background_enable_image_phone=&#8221;off&#8221; global_colors_info=&#8221;{}&#8221;][et_pb_row column_structure=&#8221;1_2,1_2&#8243; _builder_version=&#8221;4.27.4&#8243; _module_preset=&#8221;default&#8221; global_colors_info=&#8221;{}&#8221;][et_pb_column type=&#8221;1_2&#8243; _builder_version=&#8221;4.27.4&#8243; _module_preset=&#8221;default&#8221; global_colors_info=&#8221;{}&#8221;][et_pb_text module_class=&#8221;text-white&#8221; _builder_version=&#8221;4.27.4&#8243; _module_preset=&#8221;default&#8221; custom_margin=&#8221;||24px||false|false&#8221; global_colors_info=&#8221;{}&#8221;]<p>About us<\/p>[\/et_pb_text][et_pb_text module_class=&#8221;text-white text-uppercase&#8221; _builder_version=&#8221;4.27.4&#8243; _module_preset=&#8221;default&#8221; global_colors_info=&#8221;{}&#8221;]<h1>Building<br\/> THE FUTURE TOGETHER<\/h1>[\/et_pb_text][\/et_pb_column][et_pb_column type=&#8221;1_2&#8243; _builder_version=&#8221;4.27.4&#8243; _module_preset=&#8221;default&#8221; global_colors_info=&#8221;{}&#8221;][et_pb_image src=&#8221;https:\/\/nexxia.com\/wp-content\/uploads\/2025\/09\/hero-mobile-2.png&#8221; title_text=&#8221;hero-mobile&#8221; disabled_on=&#8221;off|on|on&#8221; _builder_version=&#8221;4.27.4&#8243; _module_preset=&#8221;default&#8221; global_colors_info=&#8221;{}&#8221;][\/et_pb_image][\/et_pb_column][\/et_pb_row][\/et_pb_section][et_pb_section fb_built=&#8221;1&#8243; module_class=&#8221;module&#8221; _builder_version=&#8221;4.27.4&#8243; _module_preset=&#8221;default&#8221; background_color=&#8221;#111111&#8243; global_colors_info=&#8221;{}&#8221;][et_pb_row column_structure=&#8221;1_2,1_2&#8243; _builder_version=&#8221;4.27.4&#8243; _module_preset=&#8221;default&#8221; custom_padding=&#8221;0px||0px||true|false&#8221; hover_enabled=&#8221;0&#8243; global_colors_info=&#8221;{}&#8221; sticky_enabled=&#8221;0&#8243;][et_pb_column type=&#8221;1_2&#8243; _builder_version=&#8221;4.27.4&#8243; _module_preset=&#8221;default&#8221; global_colors_info=&#8221;{}&#8221;][et_pb_text module_class=&#8221;text-uppercase text-24 text-white&#8221; _builder_version=&#8221;4.27.4&#8243; _module_preset=&#8221;default&#8221; custom_margin=&#8221;||16px||false|false&#8221; global_colors_info=&#8221;{}&#8221;]<h2><strong>OUR MISSION<\/strong><\/h2>[\/et_pb_text][et_pb_text module_class=&#8221;text-white&#8221; _builder_version=&#8221;4.27.4&#8243; _module_preset=&#8221;default&#8221; custom_padding_tablet=&#8221;&#8221; custom_padding_phone=&#8221;||32px||false|false&#8221; custom_padding_last_edited=&#8221;on|phone&#8221; global_colors_info=&#8221;{}&#8221;]<p>To design and deliver tailor-made solutions that integrate data, technology, and strategy, strengthening the bond between companies and their customers. We build intelligent ecosystems that drive sustainable growth, long-term business resilience, and shared value.\nOur commitment is to evolve alongside our partners, with agility, foresight, and a relentless focus on innovation<\/p>[\/et_pb_text][\/et_pb_column][et_pb_column type=&#8221;1_2&#8243; _builder_version=&#8221;4.27.4&#8243; _module_preset=&#8221;default&#8221; global_colors_info=&#8221;{}&#8221;][et_pb_text module_class=&#8221;text-uppercase text-24 text-white&#8221; _builder_version=&#8221;4.27.4&#8243; _module_preset=&#8221;default&#8221; custom_margin=&#8221;||16px||false|false&#8221; global_colors_info=&#8221;{}&#8221;]<h2><strong>OUR VISION<\/strong><\/h2>[\/et_pb_text][et_pb_text module_class=&#8221;text-white&#8221; _builder_version=&#8221;4.27.4&#8243; _module_preset=&#8221;default&#8221; custom_padding_tablet=&#8221;&#8221; custom_padding_phone=&#8221;||32px||false|false&#8221; custom_padding_last_edited=&#8221;on|phone&#8221; global_colors_info=&#8221;{}&#8221;]<p>To become a leading force in innovation, recognized for redefining how brands connect with people.\nBy leveraging strategy, data, and technology, we aim to lead the creation of collaborative ecosystems that fuel sustainable growth, continuous evolution, and enduring value.<\/p>[\/et_pb_text][\/et_pb_column][\/et_pb_row][\/et_pb_section][et_pb_section fb_built=&#8221;1&#8243; custom_padding_last_edited=&#8221;on|phone&#8221; _builder_version=&#8221;4.27.4&#8243; _module_preset=&#8221;default&#8221; background_image=&#8221;https:\/\/nexxia.com\/wp-content\/uploads\/2025\/09\/banner-about.jpg&#8221; background_position=&#8221;top_center&#8221; custom_margin=&#8221;||||false|false&#8221; custom_padding=&#8221;150px||150px||true|false&#8221; custom_padding_tablet=&#8221;150px||150px||true|false&#8221; custom_padding_phone=&#8221;300px||40px||false|false&#8221; background_last_edited=&#8221;on|phone&#8221; background_image_phone=&#8221;https:\/\/nexxia.com\/wp-content\/uploads\/2025\/09\/banner-mobile-1.jpg&#8221; background_enable_image_phone=&#8221;on&#8221; locked=&#8221;off&#8221; global_colors_info=&#8221;{}&#8221;][et_pb_row column_structure=&#8221;1_2,1_2&#8243; _builder_version=&#8221;4.27.4&#8243; _module_preset=&#8221;default&#8221; custom_padding=&#8221;0px||0px||true|false&#8221; global_colors_info=&#8221;{}&#8221;][et_pb_column type=&#8221;1_2&#8243; _builder_version=&#8221;4.27.4&#8243; _module_preset=&#8221;default&#8221; global_colors_info=&#8221;{}&#8221;][\/et_pb_column][et_pb_column type=&#8221;1_2&#8243; _builder_version=&#8221;4.27.4&#8243; _module_preset=&#8221;default&#8221; global_colors_info=&#8221;{}&#8221;][et_pb_text module_class=&#8221;text-white text-20&#8243; _builder_version=&#8221;4.27.4&#8243; _module_preset=&#8221;default&#8221; background_color=&#8221;rgba(17,17,17,0.81)&#8221; custom_padding=&#8221;24px|24px|24px|24px|true|true&#8221; border_width_bottom=&#8221;1px&#8221; border_color_bottom=&#8221;#FFFFFF&#8221; global_colors_info=&#8221;{}&#8221;]<h3><strong>PURPOSE<\/strong><\/h3>\n<p>To build deep, strategic connections with our clients, anticipating their needs and creating opportunities that transcend transactional relationships.<\/p>[\/et_pb_text][\/et_pb_column][\/et_pb_row][\/et_pb_section][et_pb_section fb_built=&#8221;1&#8243; module_class=&#8221;module&#8221; _builder_version=&#8221;4.27.4&#8243; _module_preset=&#8221;default&#8221; background_color=&#8221;#111111&#8243; custom_padding=&#8221;||30px||false|false&#8221; global_colors_info=&#8221;{}&#8221;][et_pb_row column_structure=&#8221;1_2,1_2&#8243; custom_padding_last_edited=&#8221;on|phone&#8221; _builder_version=&#8221;4.27.4&#8243; _module_preset=&#8221;default&#8221; custom_padding_tablet=&#8221;&#8221; custom_padding_phone=&#8221;||0px||false|false&#8221; global_colors_info=&#8221;{}&#8221;][et_pb_column type=&#8221;1_2&#8243; _builder_version=&#8221;4.27.4&#8243; _module_preset=&#8221;default&#8221; global_colors_info=&#8221;{}&#8221;][et_pb_text module_class=&#8221;text-uppercase text-16 text-Gray500&#8243; _builder_version=&#8221;4.27.4&#8243; _module_preset=&#8221;default&#8221; custom_margin=&#8221;||16px||false|false&#8221; global_colors_info=&#8221;{}&#8221;]<h2>OUR VALUES<\/h2>[\/et_pb_text][et_pb_text module_class=&#8221;text-white text-20&#8243; _builder_version=&#8221;4.27.4&#8243; _module_preset=&#8221;default&#8221; global_colors_info=&#8221;{}&#8221;]<p>At Nexxia, we believe talent is multiplied when guided by strong principles:<\/p>[\/et_pb_text][\/et_pb_column][et_pb_column type=&#8221;1_2&#8243; _builder_version=&#8221;4.27.4&#8243; _module_preset=&#8221;default&#8221; global_colors_info=&#8221;{}&#8221;][\/et_pb_column][\/et_pb_row][et_pb_row column_structure=&#8221;1_2,1_2&#8243; _builder_version=&#8221;4.27.4&#8243; _module_preset=&#8221;default&#8221; custom_padding=&#8221;||0px||false|false&#8221; global_colors_info=&#8221;{}&#8221;][et_pb_column type=&#8221;1_2&#8243; _builder_version=&#8221;4.27.4&#8243; _module_preset=&#8221;default&#8221; global_colors_info=&#8221;{}&#8221;][et_pb_blurb image=&#8221;https:\/\/nexxia.com\/wp-content\/uploads\/2025\/09\/honestidad.svg&#8221; module_class=&#8221;text-white item-icon-horizontal&#8221; _builder_version=&#8221;4.27.4&#8243; _module_preset=&#8221;default&#8221; global_colors_info=&#8221;{}&#8221;]<h4><strong>HONESTY:<\/strong><\/h4>\n<p>Transparency in every decision, with integrity as our foundation.<\/p>[\/et_pb_blurb][\/et_pb_column][et_pb_column type=&#8221;1_2&#8243; _builder_version=&#8221;4.27.4&#8243; _module_preset=&#8221;default&#8221; global_colors_info=&#8221;{}&#8221;][et_pb_blurb image=&#8221;https:\/\/nexxia.com\/wp-content\/uploads\/2025\/09\/lealtad.svg&#8221; module_class=&#8221;text-white item-icon-horizontal&#8221; _builder_version=&#8221;4.27.4&#8243; _module_preset=&#8221;default&#8221; global_colors_info=&#8221;{}&#8221;]<h4><strong>LOYALTY:<\/strong><\/h4>\n<p>A genuine commitment to the purpose we share with our partners.<\/p>[\/et_pb_blurb][\/et_pb_column][\/et_pb_row][et_pb_row column_structure=&#8221;1_2,1_2&#8243; _builder_version=&#8221;4.27.4&#8243; _module_preset=&#8221;default&#8221; custom_padding=&#8221;0px||0px||true|false&#8221; global_colors_info=&#8221;{}&#8221;][et_pb_column type=&#8221;1_2&#8243; _builder_version=&#8221;4.27.4&#8243; _module_preset=&#8221;default&#8221; global_colors_info=&#8221;{}&#8221;][et_pb_blurb image=&#8221;https:\/\/nexxia.com\/wp-content\/uploads\/2025\/09\/pasion.svg&#8221; module_class=&#8221;text-white item-icon-horizontal&#8221; _builder_version=&#8221;4.27.4&#8243; _module_preset=&#8221;default&#8221; global_colors_info=&#8221;{}&#8221;]<h4><strong>CUSTOMER PASSION:<\/strong><\/h4>\n<p>We listen, understand, and act with empathy and excellence.<\/p>[\/et_pb_blurb][\/et_pb_column][et_pb_column type=&#8221;1_2&#8243; _builder_version=&#8221;4.27.4&#8243; _module_preset=&#8221;default&#8221; global_colors_info=&#8221;{}&#8221;][et_pb_blurb image=&#8221;https:\/\/nexxia.com\/wp-content\/uploads\/2025\/09\/trabajo.svg&#8221; module_class=&#8221;text-white item-icon-horizontal&#8221; _builder_version=&#8221;4.27.4&#8243; _module_preset=&#8221;default&#8221; global_colors_info=&#8221;{}&#8221;]<h4><strong>TEAMWORK:<\/strong><\/h4>\n<p>We believe in the power of collaboration to build extraordinary solutions.<\/p>[\/et_pb_blurb][\/et_pb_column][\/et_pb_row][et_pb_row column_structure=&#8221;1_2,1_2&#8243; _builder_version=&#8221;4.27.4&#8243; _module_preset=&#8221;default&#8221; custom_padding=&#8221;0px||0px||true|false&#8221; global_colors_info=&#8221;{}&#8221;][et_pb_column type=&#8221;1_2&#8243; _builder_version=&#8221;4.27.4&#8243; _module_preset=&#8221;default&#8221; global_colors_info=&#8221;{}&#8221;][et_pb_blurb image=&#8221;https:\/\/nexxia.com\/wp-content\/uploads\/2025\/09\/confianza.svg&#8221; module_class=&#8221;text-white item-icon-horizontal&#8221; _builder_version=&#8221;4.27.4&#8243; _module_preset=&#8221;default&#8221; global_colors_info=&#8221;{}&#8221;]<h4><strong>MUTUAL TRUST AND RESPECT:<\/strong><\/h4>\n<p>We communicate openly and build close, human relationships.<\/p>[\/et_pb_blurb][\/et_pb_column][et_pb_column type=&#8221;1_2&#8243; _builder_version=&#8221;4.27.4&#8243; _module_preset=&#8221;default&#8221; global_colors_info=&#8221;{}&#8221;][et_pb_blurb image=&#8221;https:\/\/nexxia.com\/wp-content\/uploads\/2025\/09\/ejecucion.svg&#8221; module_class=&#8221;text-white item-icon-horizontal&#8221; _builder_version=&#8221;4.27.4&#8243; _module_preset=&#8221;default&#8221; global_colors_info=&#8221;{}&#8221;]<h4><strong>FLAWLESS EXECUTION:<\/strong><\/h4>\n<p>Because strategy comes to life when it's executed with precision.<\/p>[\/et_pb_blurb][\/et_pb_column][\/et_pb_row][et_pb_row column_structure=&#8221;1_2,1_2&#8243; _builder_version=&#8221;4.27.4&#8243; _module_preset=&#8221;default&#8221; custom_padding=&#8221;0px||0px||true|false&#8221; global_colors_info=&#8221;{}&#8221;][et_pb_column type=&#8221;1_2&#8243; _builder_version=&#8221;4.27.4&#8243; _module_preset=&#8221;default&#8221; global_colors_info=&#8221;{}&#8221;][et_pb_blurb image=&#8221;https:\/\/nexxia.com\/wp-content\/uploads\/2025\/09\/up.svg&#8221; module_class=&#8221;text-white item-icon-horizontal&#8221; _builder_version=&#8221;4.27.4&#8243; _module_preset=&#8221;default&#8221; global_colors_info=&#8221;{}&#8221;]<h4><strong>CONTINUOUS IMPROVEMENT:<\/strong><\/h4>\n<p>For us, evolution is not a destination, it\u2019s a daily mindset.<\/p>[\/et_pb_blurb][\/et_pb_column][et_pb_column type=&#8221;1_2&#8243; _builder_version=&#8221;4.27.4&#8243; _module_preset=&#8221;default&#8221; global_colors_info=&#8221;{}&#8221;][\/et_pb_column][\/et_pb_row][\/et_pb_section]","protected":false},"excerpt":{"rendered":"<p>Qui\u00e9nes somosConstruyendo el futuro juntosMISI\u00d3NDise\u00f1ar e implementar soluciones personalizadas que integren datos, tecnolog\u00eda y estrategia para fortalecer la relaci\u00f3n entre empresas y clientes. Creamos ecosistemas inteligentes que impulsan la sostenibilidad, el crecimiento continuo y el valor compartido. Nuestro compromiso es evolucionar junto a nuestros aliados, adapt\u00e1ndonos con agilidad y visi\u00f3n de futuro.VISI\u00d3NSer una empresa referente [&hellip;]<\/p>","protected":false},"author":1,"featured_media":23,"parent":0,"menu_order":0,"comment_status":"closed","ping_status":"closed","template":"","meta":{"_et_pb_use_builder":"on","_et_pb_old_content":"","_et_gb_content_width":"","inline_featured_image":false,"footnotes":""},"class_list":["post-118","page","type-page","status-publish","has-post-thumbnail","hentry"],"yoast_head":"<!-- This site is optimized with the Yoast SEO plugin v26.6 - https:\/\/yoast.com\/wordpress\/plugins\/seo\/ -->\n<title>Nosotros | Expertos en Estrategia y Tecnolog\u00eda de Datos \u2013 Nexxia<\/title>\n<meta name=\"description\" content=\"Nexxia es un socio estrat\u00e9gico en innovaci\u00f3n y tecnolog\u00eda. Integramos datos, estrategia y visi\u00f3n para generar valor empresarial sostenible.\" \/>\n<meta name=\"robots\" content=\"index, follow, max-snippet:-1, max-image-preview:large, max-video-preview:-1\" \/>\n<link rel=\"canonical\" href=\"https:\/\/nexxia.com\/en\/about-us\/\" \/>\n<meta property=\"og:locale\" content=\"en_US\" \/>\n<meta property=\"og:type\" content=\"article\" \/>\n<meta property=\"og:title\" content=\"Nosotros | Expertos en Estrategia y Tecnolog\u00eda de Datos \u2013 Nexxia\" \/>\n<meta property=\"og:description\" content=\"Nexxia es un socio estrat\u00e9gico en innovaci\u00f3n y tecnolog\u00eda. Integramos datos, estrategia y visi\u00f3n para generar valor empresarial sostenible.\" \/>\n<meta property=\"og:url\" content=\"https:\/\/nexxia.com\/en\/about-us\/\" \/>\n<meta property=\"og:site_name\" content=\"Nexxia\" \/>\n<meta property=\"article:modified_time\" content=\"2025-11-07T20:03:26+00:00\" \/>\n<meta property=\"og:image\" content=\"https:\/\/nexxia.com\/wp-content\/uploads\/2025\/09\/share.webp\" \/>\n\t<meta property=\"og:image:width\" content=\"1251\" \/>\n\t<meta property=\"og:image:height\" content=\"876\" \/>\n\t<meta property=\"og:image:type\" content=\"image\/webp\" \/>\n<meta name=\"twitter:card\" content=\"summary_large_image\" \/>\n<meta name=\"twitter:label1\" content=\"Est. reading time\" \/>\n\t<meta name=\"twitter:data1\" content=\"3 minutes\" \/>\n<script type=\"application\/ld+json\" class=\"yoast-schema-graph\">{\"@context\":\"https:\/\/schema.org\",\"@graph\":[{\"@type\":\"WebPage\",\"@id\":\"https:\/\/nexxia.com\/nosotros\/\",\"url\":\"https:\/\/nexxia.com\/nosotros\/\",\"name\":\"Nosotros | Expertos en Estrategia y Tecnolog\u00eda de Datos \u2013 Nexxia\",\"isPartOf\":{\"@id\":\"https:\/\/nexxia.com\/#website\"},\"primaryImageOfPage\":{\"@id\":\"https:\/\/nexxia.com\/nosotros\/#primaryimage\"},\"image\":{\"@id\":\"https:\/\/nexxia.com\/nosotros\/#primaryimage\"},\"thumbnailUrl\":\"https:\/\/nexxia.com\/wp-content\/uploads\/2025\/09\/share.webp\",\"datePublished\":\"2025-09-24T20:46:14+00:00\",\"dateModified\":\"2025-11-07T20:03:26+00:00\",\"description\":\"Nexxia es un socio estrat\u00e9gico en innovaci\u00f3n y tecnolog\u00eda. Integramos datos, estrategia y visi\u00f3n para generar valor empresarial sostenible.\",\"breadcrumb\":{\"@id\":\"https:\/\/nexxia.com\/nosotros\/#breadcrumb\"},\"inLanguage\":\"en-US\",\"potentialAction\":[{\"@type\":\"ReadAction\",\"target\":[\"https:\/\/nexxia.com\/nosotros\/\"]}]},{\"@type\":\"ImageObject\",\"inLanguage\":\"en-US\",\"@id\":\"https:\/\/nexxia.com\/nosotros\/#primaryimage\",\"url\":\"https:\/\/nexxia.com\/wp-content\/uploads\/2025\/09\/share.webp\",\"contentUrl\":\"https:\/\/nexxia.com\/wp-content\/uploads\/2025\/09\/share.webp\",\"width\":1251,\"height\":876},{\"@type\":\"BreadcrumbList\",\"@id\":\"https:\/\/nexxia.com\/nosotros\/#breadcrumb\",\"itemListElement\":[{\"@type\":\"ListItem\",\"position\":1,\"name\":\"Home\",\"item\":\"https:\/\/nexxia.com\/\"},{\"@type\":\"ListItem\",\"position\":2,\"name\":\"Nosotros\"}]},{\"@type\":\"WebSite\",\"@id\":\"https:\/\/nexxia.com\/#website\",\"url\":\"https:\/\/nexxia.com\/\",\"name\":\"Nexxia\",\"description\":\"\",\"potentialAction\":[{\"@type\":\"SearchAction\",\"target\":{\"@type\":\"EntryPoint\",\"urlTemplate\":\"https:\/\/nexxia.com\/?s={search_term_string}\"},\"query-input\":{\"@type\":\"PropertyValueSpecification\",\"valueRequired\":true,\"valueName\":\"search_term_string\"}}],\"inLanguage\":\"en-US\"}]}<\/script>\n<!-- \/ Yoast SEO plugin. -->","yoast_head_json":{"title":"About Nexxia | Experts in Data Strategy &amp; Innovation","description":"Nexxia is a strategic partner in data and technology. Combining innovation, strategy and insight to create sustainable business value.","robots":{"index":"index","follow":"follow","max-snippet":"max-snippet:-1","max-image-preview":"max-image-preview:large","max-video-preview":"max-video-preview:-1"},"canonical":"https:\/\/nexxia.com\/en\/about-us\/","og_locale":"en_US","og_type":"article","og_title":"Nosotros | Expertos en Estrategia y Tecnolog\u00eda de Datos \u2013 Nexxia","og_description":"Nexxia es un socio estrat\u00e9gico en innovaci\u00f3n y tecnolog\u00eda. Integramos datos, estrategia y visi\u00f3n para generar valor empresarial sostenible.","og_url":"https:\/\/nexxia.com\/en\/about-us\/","og_site_name":"Nexxia","article_modified_time":"2025-11-07T20:03:26+00:00","og_image":[{"width":1251,"height":876,"url":"https:\/\/nexxia.com\/wp-content\/uploads\/2025\/09\/share.webp","type":"image\/webp"}],"twitter_card":"summary_large_image","twitter_misc":{"Est. reading time":"3 minutes"},"schema":{"@context":"https:\/\/schema.org","@graph":[{"@type":"WebPage","@id":"https:\/\/nexxia.com\/nosotros\/","url":"https:\/\/nexxia.com\/nosotros\/","name":"About Nexxia | Experts in Data Strategy &amp; Innovation","isPartOf":{"@id":"https:\/\/nexxia.com\/#website"},"primaryImageOfPage":{"@id":"https:\/\/nexxia.com\/nosotros\/#primaryimage"},"image":{"@id":"https:\/\/nexxia.com\/nosotros\/#primaryimage"},"thumbnailUrl":"https:\/\/nexxia.com\/wp-content\/uploads\/2025\/09\/share.webp","datePublished":"2025-09-24T20:46:14+00:00","dateModified":"2025-11-07T20:03:26+00:00","description":"Nexxia is a strategic partner in data and technology. Combining innovation, strategy and insight to create sustainable business value.","breadcrumb":{"@id":"https:\/\/nexxia.com\/nosotros\/#breadcrumb"},"inLanguage":"en-US","potentialAction":[{"@type":"ReadAction","target":["https:\/\/nexxia.com\/nosotros\/"]}]},{"@type":"ImageObject","inLanguage":"en-US","@id":"https:\/\/nexxia.com\/nosotros\/#primaryimage","url":"https:\/\/nexxia.com\/wp-content\/uploads\/2025\/09\/share.webp","contentUrl":"https:\/\/nexxia.com\/wp-content\/uploads\/2025\/09\/share.webp","width":1251,"height":876},{"@type":"BreadcrumbList","@id":"https:\/\/nexxia.com\/nosotros\/#breadcrumb","itemListElement":[{"@type":"ListItem","position":1,"name":"Home","item":"https:\/\/nexxia.com\/"},{"@type":"ListItem","position":2,"name":"Nosotros"}]},{"@type":"WebSite","@id":"https:\/\/nexxia.com\/#website","url":"https:\/\/nexxia.com\/","name":"Nexxia","description":"","potentialAction":[{"@type":"SearchAction","target":{"@type":"EntryPoint","urlTemplate":"https:\/\/nexxia.com\/?s={search_term_string}"},"query-input":{"@type":"PropertyValueSpecification","valueRequired":true,"valueName":"search_term_string"}}],"inLanguage":"en-US"}]}},"_links":{"self":[{"href":"https:\/\/nexxia.com\/en\/wp-json\/wp\/v2\/pages\/118","targetHints":{"allow":["GET"]}}],"collection":[{"href":"https:\/\/nexxia.com\/en\/wp-json\/wp\/v2\/pages"}],"about":[{"href":"https:\/\/nexxia.com\/en\/wp-json\/wp\/v2\/types\/page"}],"author":[{"embeddable":true,"href":"https:\/\/nexxia.com\/en\/wp-json\/wp\/v2\/users\/1"}],"replies":[{"embeddable":true,"href":"https:\/\/nexxia.com\/en\/wp-json\/wp\/v2\/comments?post=118"}],"version-history":[{"count":6,"href":"https:\/\/nexxia.com\/en\/wp-json\/wp\/v2\/pages\/118\/revisions"}],"predecessor-version":[{"id":349,"href":"https:\/\/nexxia.com\/en\/wp-json\/wp\/v2\/pages\/118\/revisions\/349"}],"wp:featuredmedia":[{"embeddable":true,"href":"https:\/\/nexxia.com\/en\/wp-json\/wp\/v2\/media\/23"}],"wp:attachment":[{"href":"https:\/\/nexxia.com\/en\/wp-json\/wp\/v2\/media?parent=118"}],"curies":[{"name":"wp","href":"https:\/\/api.w.org\/{rel}","templated":true}]}}